{"id":3,"date":"2024-07-19T15:30:00","date_gmt":"2024-07-19T12:30:00","guid":{"rendered":"https:\/\/metroethernetinternet.net\/?page_id=3"},"modified":"2025-07-16T00:06:02","modified_gmt":"2025-07-15T21:06:02","slug":"gizlilik-ilkesi","status":"publish","type":"page","link":"https:\/\/metroethernetinternet.net\/index.php\/gizlilik-ilkesi\/","title":{"rendered":"Gizlilik Politikas\u0131"},"content":{"rendered":"\n<h2 class=\"wp-block-heading\"><strong>6698 Kanun Ki\u015fisel Verilerin Korunmas\u0131<\/strong><\/h2>\n\n\n\n<p>07 Nisan 2016 Tarihli Resmi Gazete<\/p>\n\n\n\n<p>Say\u0131: 29677<\/p>\n\n\n\n<p><strong>Kanun No: 6698<\/strong><\/p>\n\n\n\n<p>Kabul Tarihi: 24 Mart 2016<\/p>\n\n\n\n<p><strong>Ama\u00e7<\/strong><\/p>\n\n\n\n<p><strong>MADDE 1-<\/strong>&nbsp;(1) Bu Kanunun amac\u0131, ki\u015fisel verilerin i\u015flenmesinde ba\u015fta \u00f6zel hayat\u0131n gizlili\u011fi olmak \u00fczere ki\u015filerin temel hak ve \u00f6zg\u00fcrl\u00fcklerini korumak ve ki\u015fisel verileri i\u015fleyen ger\u00e7ek ve t\u00fczel ki\u015filerin y\u00fck\u00fcml\u00fcl\u00fckleri ile uyacaklar\u0131 usul ve esaslar\u0131 d\u00fczenlemektir.<\/p>\n\n\n\n<p><strong>Kapsam<\/strong><\/p>\n\n\n\n<p><strong>MADDE 2-<\/strong>&nbsp;(1) Bu Kanun h\u00fck\u00fcmleri, ki\u015fisel verileri i\u015flenen ger\u00e7ek ki\u015filer ile bu verileri tamamen veya k\u0131smen otomatik olan ya da herhangi bir veri kay\u0131t sisteminin par\u00e7as\u0131 olmak kayd\u0131yla otomatik olmayan yollarla i\u015fleyen ger\u00e7ek ve t\u00fczel ki\u015filer hakk\u0131nda uygulan\u0131r.<\/p>\n\n\n\n<p><strong>Tan\u0131mlar<\/strong><\/p>\n\n\n\n<p><strong>MADDE 3-<\/strong>&nbsp;(1) Bu Kanunun uygulanmas\u0131nda;<\/p>\n\n\n\n<p>a) A\u00e7\u0131k r\u0131za: Belirli bir konuya ili\u015fkin, bilgilendirilmeye dayanan ve \u00f6zg\u00fcr iradeyle a\u00e7\u0131klanan r\u0131zay\u0131,<\/p>\n\n\n\n<p>b) Anonim h\u00e2le getirme: Ki\u015fisel verilerin, ba\u015fka verilerle e\u015fle\u015ftirilerek dahi hi\u00e7bir surette kimli\u011fi belirli veya belirlenebilir bir ger\u00e7ek ki\u015fiyle ili\u015fkilendirilemeyecek h\u00e2le getirilmesini,<\/p>\n\n\n\n<p>c) Ba\u015fkan: Ki\u015fisel Verileri Koruma Kurumu Ba\u015fkan\u0131n\u0131,<\/p>\n\n\n\n<p>\u00e7) \u0130lgili ki\u015fi: Ki\u015fisel verisi i\u015flenen ger\u00e7ek ki\u015fiyi,<\/p>\n\n\n\n<p>d) Ki\u015fisel veri: Kimli\u011fi belirli veya belirlenebilir ger\u00e7ek ki\u015fiye ili\u015fkin her t\u00fcrl\u00fc bilgiyi,<\/p>\n\n\n\n<p>e) Ki\u015fisel verilerin i\u015flenmesi: Ki\u015fisel verilerin tamamen veya k\u0131smen otomatik olan ya da herhangi bir veri kay\u0131t sisteminin par\u00e7as\u0131 olmak kayd\u0131yla otomatik olmayan yollarla elde edilmesi, kaydedilmesi, depolanmas\u0131, muhafaza edilmesi, de\u011fi\u015ftirilmesi, yeniden d\u00fczenlenmesi, a\u00e7\u0131klanmas\u0131, aktar\u0131lmas\u0131, devral\u0131nmas\u0131, elde edilebilir h\u00e2le getirilmesi, s\u0131n\u0131fland\u0131r\u0131lmas\u0131 ya da kullan\u0131lmas\u0131n\u0131n engellenmesi gibi veriler \u00fczerinde ger\u00e7ekle\u015ftirilen her t\u00fcrl\u00fc i\u015flemi,<\/p>\n\n\n\n<p>f) Kurul: Ki\u015fisel Verileri Koruma Kurulunu,<\/p>\n\n\n\n<p>g) Kurum: Ki\u015fisel Verileri Koruma Kurumunu,<\/p>\n\n\n\n<p>\u011f) Veri i\u015fleyen: Veri sorumlusunun verdi\u011fi yetkiye dayanarak onun ad\u0131na ki\u015fisel verileri i\u015fleyen ger\u00e7ek veya t\u00fczel ki\u015fiyi,<\/p>\n\n\n\n<p>h) Veri kay\u0131t sistemi: Ki\u015fisel verilerin belirli kriterlere g\u00f6re yap\u0131land\u0131r\u0131larak i\u015flendi\u011fi kay\u0131t sistemini,<\/p>\n\n\n\n<p>\u0131) Veri sorumlusu: Ki\u015fisel verilerin i\u015fleme ama\u00e7lar\u0131n\u0131 ve vas\u0131talar\u0131n\u0131 belirleyen, veri kay\u0131t sisteminin kurulmas\u0131ndan ve y\u00f6netilmesinden sorumlu olan ger\u00e7ek veya t\u00fczel ki\u015fiyi,<\/p>\n\n\n\n<p>ifade eder.<\/p>\n\n\n\n<p><strong>\u0130K\u0130NC\u0130 B\u00d6L\u00dcM<\/strong><\/p>\n\n\n\n<p><strong>Ki\u015fisel Verilerin \u0130\u015flenmesi<\/strong><\/p>\n\n\n\n<p><strong>Genel ilkeler<\/strong><\/p>\n\n\n\n<p><strong>MADDE 4-<\/strong>&nbsp;(1) Ki\u015fisel veriler, ancak bu Kanunda ve di\u011fer kanunlarda \u00f6ng\u00f6r\u00fclen usul ve esaslara uygun olarak i\u015flenebilir.<\/p>\n\n\n\n<p>(2) Ki\u015fisel verilerin i\u015flenmesinde a\u015fa\u011f\u0131daki ilkelere uyulmas\u0131 zorunludur:<\/p>\n\n\n\n<p>a) Hukuka ve d\u00fcr\u00fcstl\u00fck kurallar\u0131na uygun olma.<\/p>\n\n\n\n<p>b) Do\u011fru ve gerekti\u011finde g\u00fcncel olma.<\/p>\n\n\n\n<p>c) Belirli, a\u00e7\u0131k ve me\u015fru ama\u00e7lar i\u00e7in i\u015flenme.<\/p>\n\n\n\n<p>\u00e7) \u0130\u015flendikleri ama\u00e7la ba\u011flant\u0131l\u0131, s\u0131n\u0131rl\u0131 ve \u00f6l\u00e7\u00fcl\u00fc olma.<\/p>\n\n\n\n<p>d) \u0130lgili mevzuatta \u00f6ng\u00f6r\u00fclen veya i\u015flendikleri ama\u00e7 i\u00e7in gerekli olan s\u00fcre kadar muhafaza edilme.<\/p>\n\n\n\n<p><strong>Ki\u015fisel verilerin i\u015flenme \u015fartlar\u0131<\/strong><\/p>\n\n\n\n<p><strong>MADDE 5-&nbsp;<\/strong>(1) Ki\u015fisel veriler ilgili ki\u015finin a\u00e7\u0131k r\u0131zas\u0131 olmaks\u0131z\u0131n i\u015flenemez.<\/p>\n\n\n\n<p>(2) A\u015fa\u011f\u0131daki \u015fartlardan birinin varl\u0131\u011f\u0131 h\u00e2linde, ilgili ki\u015finin a\u00e7\u0131k r\u0131zas\u0131 aranmaks\u0131z\u0131n ki\u015fisel verilerinin i\u015flenmesi m\u00fcmk\u00fcnd\u00fcr:<\/p>\n\n\n\n<p>a) Kanunlarda a\u00e7\u0131k\u00e7a \u00f6ng\u00f6r\u00fclmesi.<\/p>\n\n\n\n<p>b) Fiili imk\u00e2ns\u0131zl\u0131k nedeniyle r\u0131zas\u0131n\u0131 a\u00e7\u0131klayamayacak durumda bulunan veya r\u0131zas\u0131na hukuki ge\u00e7erlilik tan\u0131nmayan ki\u015fin<a href=\"https:\/\/goo.gl\/RkqgJX\" target=\"_blank\" rel=\"noreferrer noopener\">i<\/a>n kendisinin ya da bir ba\u015fkas\u0131n\u0131n hayat\u0131 veya beden b\u00fct\u00fcnl\u00fc\u011f\u00fcn\u00fcn korunmas\u0131 i\u00e7in zorunlu olmas\u0131.<\/p>\n\n\n\n<p>c) Bir s\u00f6zle\u015fmenin kurulmas\u0131 veya ifas\u0131yla do\u011frudan do\u011fruya ilgili olmas\u0131 kayd\u0131yla, s\u00f6zle\u015fmenin taraflar\u0131na ait ki\u015fisel verilerin i\u015flenmesinin gerekli olmas\u0131.<\/p>\n\n\n\n<p>\u00e7) Veri sorumlusunun hukuki y\u00fck\u00fcml\u00fcl\u00fc\u011f\u00fcn\u00fc yerine getirebilmesi i\u00e7in zorunlu olmas\u0131.<\/p>\n\n\n\n<p>d) \u0130lgili ki\u015finin kendisi taraf\u0131ndan alenile\u015ftirilmi\u015f olmas\u0131.<\/p>\n\n\n\n<p>e) Bir hakk\u0131n tesisi, kullan\u0131lmas\u0131 veya korunmas\u0131 i\u00e7in veri i\u015flemenin zorunlu olmas\u0131.<\/p>\n\n\n\n<p>f) \u0130lgili ki\u015finin temel hak ve \u00f6zg\u00fcrl\u00fcklerine zarar vermemek kayd\u0131yla, veri sorumlusunun me\u015fru menfaatleri i\u00e7in veri i\u015flenmesinin zorunlu olmas\u0131.<\/p>\n\n\n\n<p><strong>\u00d6zel nitelikli ki\u015fisel verilerin i\u015flenme \u015fartlar\u0131<\/strong><\/p>\n\n\n\n<p><strong>MADDE 6-<\/strong>&nbsp;(1) Ki\u015filerin \u0131rk\u0131, etnik k\u00f6keni, siyasi d\u00fc\u015f\u00fcncesi, felsefi inanc\u0131, dini, mezhebi veya di\u011fer inan\u00e7lar\u0131, k\u0131l\u0131k ve k\u0131yafeti, dernek, vak\u0131f ya da sendika \u00fcyeli\u011fi, sa\u011fl\u0131\u011f\u0131, cinsel hayat\u0131, ceza mahk\u00fbmiyeti ve g\u00fcvenlik tedbirleriyle ilgili verileri ile biyometrik ve genetik verileri \u00f6zel nitelikli ki\u015fisel veridir.<\/p>\n\n\n\n<p>(2) \u00d6zel nitelikli ki\u015fisel verilerin, ilgilinin a\u00e7\u0131k r\u0131zas\u0131 olmaks\u0131z\u0131n i\u015flenmesi yasakt\u0131r.<\/p>\n\n\n\n<p>(3) Birinci f\u0131krada say\u0131lan sa\u011fl\u0131k ve cinsel hayat d\u0131\u015f\u0131ndaki ki\u015fisel veriler, kanunlarda \u00f6ng\u00f6r\u00fclen h\u00e2llerde ilgili ki\u015finin a\u00e7\u0131k r\u0131zas\u0131 aranmaks\u0131z\u0131n i\u015flenebilir. Sa\u011fl\u0131k ve cinsel hayata ili\u015fkin ki\u015fisel veriler ise ancak kamu sa\u011fl\u0131\u011f\u0131n\u0131n korunmas\u0131, koruyucu hekimlik, t\u0131bb\u00ee te\u015fhis, tedavi ve bak\u0131m hizmetlerinin y\u00fcr\u00fct\u00fclmesi, sa\u011fl\u0131k hizmetleri ile finansman\u0131n\u0131n planlanmas\u0131 ve y\u00f6netimi amac\u0131yla, s\u0131r saklama y\u00fck\u00fcml\u00fcl\u00fc\u011f\u00fc alt\u0131nda bulunan ki\u015filer veya yetkili kurum ve kurulu\u015flar taraf\u0131ndan ilgilinin a\u00e7\u0131k r\u0131zas\u0131 aranmaks\u0131z\u0131n i\u015flenebilir.<\/p>\n\n\n\n<p>(4) \u00d6zel nitelikli ki\u015fisel verilerin i\u015flenmesinde, ayr\u0131ca Kurul taraf\u0131ndan belirlenen yeterli \u00f6nlemlerin al\u0131nmas\u0131 \u015fartt\u0131r.<\/p>\n\n\n\n<p><strong>Ki\u015fisel verilerin silinmesi, yok edilmesi veya anonim h\u00e2le getirilmesi<\/strong><\/p>\n\n\n\n<p><strong>MADDE 7-<\/strong>&nbsp;(1) Bu Kanun ve ilgili di\u011fer kanun h\u00fck\u00fcmlerine uygun olarak i\u015flenmi\u015f olmas\u0131na ra\u011fmen, i\u015flenmesini gerektiren sebeplerin ortadan kalkmas\u0131 h\u00e2linde ki\u015fisel veriler resen veya ilgili ki\u015finin talebi \u00fczerine veri sorumlusu taraf\u0131ndan silinir, yok edilir veya anonim h\u00e2le getirilir.<\/p>\n\n\n\n<p>(2) Ki\u015fisel verilerin silinmesi, yok edilmesi veya anonim h\u00e2le getirilmesine ili\u015fkin di\u011fer kanunlarda yer alan h\u00fck\u00fcmler sakl\u0131d\u0131r.<\/p>\n\n\n\n<p>(3) Ki\u015fisel verilerin silinmesine, yok edilmesine veya anonim h\u00e2le getirilmesine ili\u015fkin usul ve esaslar y\u00f6netmelikle d\u00fczenlenir.<\/p>\n\n\n\n<p><strong>Ki\u015fisel verilerin aktar\u0131lmas\u0131<\/strong><\/p>\n\n\n\n<p><strong>MADDE 8-<\/strong>&nbsp;(1) Ki\u015fisel veriler, ilgili ki\u015finin a\u00e7\u0131k r\u0131zas\u0131 olmaks\u0131z\u0131n aktar\u0131lamaz.<\/p>\n\n\n\n<p>(2) Ki\u015fisel veriler;<\/p>\n\n\n\n<p>a) 5 inci maddenin ikinci f\u0131kras\u0131nda,<\/p>\n\n\n\n<p>b) Yeterli \u00f6nlemler al\u0131nmak kayd\u0131yla, 6 nc\u0131 maddenin \u00fc\u00e7\u00fcnc\u00fc f\u0131kras\u0131nda,<\/p>\n\n\n\n<p>belirtilen \u015fartlardan birinin bulunmas\u0131 h\u00e2linde, ilgili ki\u015finin a\u00e7\u0131k r\u0131zas\u0131 aranmaks\u0131z\u0131n aktar\u0131labilir.<\/p>\n\n\n\n<p>(3) Ki\u015fisel verilerin aktar\u0131lmas\u0131na ili\u015fkin di\u011fer kanunlarda yer alan h\u00fck\u00fcmler sakl\u0131d\u0131r.<\/p>\n\n\n\n<p><strong>Ki\u015fisel verilerin yurt d\u0131\u015f\u0131na aktar\u0131lmas\u0131<\/strong><\/p>\n\n\n\n<p><strong>MADDE 9-<\/strong>&nbsp;(1) Ki\u015fisel veriler, ilgili ki\u015finin a\u00e7\u0131k r\u0131zas\u0131 olmaks\u0131z\u0131n yurt d\u0131\u015f\u0131na aktar\u0131lamaz.<\/p>\n\n\n\n<p>(2) Ki\u015fisel veriler, 5 inci maddenin ikinci f\u0131kras\u0131 ile 6 nc\u0131 maddenin \u00fc\u00e7\u00fcnc\u00fc f\u0131kras\u0131nda belirtilen \u015fartlardan birinin varl\u0131\u011f\u0131 ve ki\u015fisel verinin aktar\u0131laca\u011f\u0131 yabanc\u0131 \u00fclkede;<\/p>\n\n\n\n<p>a) Yeterli koruman\u0131n bulunmas\u0131,<\/p>\n\n\n\n<p>b) Yeterli koruman\u0131n bulunmamas\u0131 durumunda T\u00fcrkiye\u2019deki ve ilgili yabanc\u0131 \u00fclkedeki veri sorumlular\u0131n\u0131n yeterli bir korumay\u0131 yaz\u0131l\u0131 olarak taahh\u00fct etmeleri ve Kurulun izninin bulunmas\u0131,<\/p>\n\n\n\n<p>kayd\u0131yla ilgili ki\u015finin a\u00e7\u0131k r\u0131zas\u0131 aranmaks\u0131z\u0131n yurt d\u0131\u015f\u0131na aktar\u0131labilir.<\/p>\n\n\n\n<p>(3) Yeterli koruman\u0131n bulundu\u011fu \u00fclkeler Kurulca belirlenerek ilan edilir.<\/p>\n","protected":false},"excerpt":{"rendered":"<p>6698 Kanun Ki\u015fisel Verilerin Korunmas\u0131 07 Nisan 2016 Tarihli Resmi Gazete Say\u0131: 29677 Kanun No: 6698 Kabul Tarihi: 24 Mart<\/p>\n","protected":false},"author":1,"featured_media":0,"parent":0,"menu_order":0,"comment_status":"closed","ping_status":"open","template":"elementor_header_footer","meta":{"footnotes":""},"class_list":["post-3","page","type-page","status-publish","hentry"],"jetpack_sharing_enabled":true,"_links":{"self":[{"href":"https:\/\/metroethernetinternet.net\/index.php\/wp-json\/wp\/v2\/pages\/3","targetHints":{"allow":["GET"]}}],"collection":[{"href":"https:\/\/metroethernetinternet.net\/index.php\/wp-json\/wp\/v2\/pages"}],"about":[{"href":"https:\/\/metroethernetinternet.net\/index.php\/wp-json\/wp\/v2\/types\/page"}],"author":[{"embeddable":true,"href":"https:\/\/metroethernetinternet.net\/index.php\/wp-json\/wp\/v2\/users\/1"}],"replies":[{"embeddable":true,"href":"https:\/\/metroethernetinternet.net\/index.php\/wp-json\/wp\/v2\/comments?post=3"}],"version-history":[{"count":1,"href":"https:\/\/metroethernetinternet.net\/index.php\/wp-json\/wp\/v2\/pages\/3\/revisions"}],"predecessor-version":[{"id":111,"href":"https:\/\/metroethernetinternet.net\/index.php\/wp-json\/wp\/v2\/pages\/3\/revisions\/111"}],"wp:attachment":[{"href":"https:\/\/metroethernetinternet.net\/index.php\/wp-json\/wp\/v2\/media?parent=3"}],"curies":[{"name":"wp","href":"https:\/\/api.w.org\/{rel}","templated":true}]}}